{"id":700,"date":"2024-06-14T16:15:10","date_gmt":"2024-06-14T16:15:10","guid":{"rendered":"https:\/\/amatistacuero.com\/?post_type=product&#038;p=700"},"modified":"2024-06-14T16:26:07","modified_gmt":"2024-06-14T16:26:07","slug":"sandalia-miami-talco","status":"publish","type":"product","link":"https:\/\/amatistacuero.com\/index.php\/producto\/sandalia-miami-talco\/","title":{"rendered":"SANDALIA MIAMI TALCO"},"content":{"rendered":"<p>Si\u00e9ntete c\u00f3moda fresca y pr\u00e1ctica con nuestras sandalias plataforma color negra *capellada en tiras con \u00e9lastico *forro en piel *plantilla cueros suaves badanas *sin hebillas altura real 3.5cm virtual 5.5cm *100% cuero *hecho en Colombia<\/p>\n","protected":false},"excerpt":{"rendered":"<p>Si\u00e9ntete c\u00f3moda fresca y pr\u00e1ctica con nuestras sandalias plataforma color negra *capellada en tiras con \u00e9lastico *forro en piel *plantilla [&hellip;]<\/p>\n","protected":false},"featured_media":708,"comment_status":"open","ping_status":"closed","template":"","meta":{"site-sidebar-layout":"default","site-content-layout":"","ast-site-content-layout":"default","site-content-style":"default","site-sidebar-style":"default","ast-global-header-display":"","ast-banner-title-visibility":"","ast-main-header-display":"","ast-hfb-above-header-display":"","ast-hfb-below-header-display":"","ast-hfb-mobile-header-display":"","site-post-title":"","ast-breadcrumbs-content":"","ast-featured-img":"","footer-sml-layout":"","theme-transparent-header-meta":"default","adv-header-id-meta":"","stick-header-meta":"","header-above-stick-meta":"","header-main-stick-meta":"","header-below-stick-meta":"","astra-migrate-meta-layouts":"set","ast-page-background-enabled":"default","ast-page-background-meta":{"desktop":{"background-color":"var(--ast-global-color-4)","background-image":"","background-repeat":"repeat","background-position":"center center","background-size":"auto","background-attachment":"scroll","background-type":"","background-media":"","overlay-type":"","overlay-color":"","overlay-opacity":"","overlay-gradient":""},"tablet":{"background-color":"","background-image":"","background-repeat":"repeat","background-position":"center center","background-size":"auto","background-attachment":"scroll","background-type":"","background-media":"","overlay-type":"","overlay-color":"","overlay-opacity":"","overlay-gradient":""},"mobile":{"background-color":"","background-image":"","background-repeat":"repeat","background-position":"center center","background-size":"auto","background-attachment":"scroll","background-type":"","background-media":"","overlay-type":"","overlay-color":"","overlay-opacity":"","overlay-gradient":""}},"ast-content-background-meta":{"desktop":{"background-color":"var(--ast-global-color-5)","background-image":"","background-repeat":"repeat","background-position":"center center","background-size":"auto","background-attachment":"scroll","background-type":"","background-media":"","overlay-type":"","overlay-color":"","overlay-opacity":"","overlay-gradient":""},"tablet":{"background-color":"var(--ast-global-color-5)","background-image":"","background-repeat":"repeat","background-position":"center center","background-size":"auto","background-attachment":"scroll","background-type":"","background-media":"","overlay-type":"","overlay-color":"","overlay-opacity":"","overlay-gradient":""},"mobile":{"background-color":"var(--ast-global-color-5)","background-image":"","background-repeat":"repeat","background-position":"center center","background-size":"auto","background-attachment":"scroll","background-type":"","background-media":"","overlay-type":"","overlay-color":"","overlay-opacity":"","overlay-gradient":""}},"_joinchat":[]},"product_cat":[17,18,45],"product_tag":[],"class_list":{"0":"post-700","1":"product","2":"type-product","3":"status-publish","4":"has-post-thumbnail","6":"product_cat-mujer","7":"product_cat-sandalias","8":"product_cat-zapatos-mujer","9":"desktop-align-left","10":"tablet-align-left","11":"mobile-align-left","13":"first","14":"instock","15":"shipping-taxable","16":"purchasable","17":"product-type-variable"},"_links":{"self":[{"href":"https:\/\/amatistacuero.com\/index.php\/wp-json\/wp\/v2\/product\/700","targetHints":{"allow":["GET"]}}],"collection":[{"href":"https:\/\/amatistacuero.com\/index.php\/wp-json\/wp\/v2\/product"}],"about":[{"href":"https:\/\/amatistacuero.com\/index.php\/wp-json\/wp\/v2\/types\/product"}],"replies":[{"embeddable":true,"href":"https:\/\/amatistacuero.com\/index.php\/wp-json\/wp\/v2\/comments?post=700"}],"wp:featuredmedia":[{"embeddable":true,"href":"https:\/\/amatistacuero.com\/index.php\/wp-json\/wp\/v2\/media\/708"}],"wp:attachment":[{"href":"https:\/\/amatistacuero.com\/index.php\/wp-json\/wp\/v2\/media?parent=700"}],"wp:term":[{"taxonomy":"product_cat","embeddable":true,"href":"https:\/\/amatistacuero.com\/index.php\/wp-json\/wp\/v2\/product_cat?post=700"},{"taxonomy":"product_tag","embeddable":true,"href":"https:\/\/amatistacuero.com\/index.php\/wp-json\/wp\/v2\/product_tag?post=700"}],"curies":[{"name":"wp","href":"https:\/\/api.w.org\/{rel}","templated":true}]}}