{"id":12,"date":"2024-05-31T23:09:31","date_gmt":"2024-05-31T23:09:31","guid":{"rendered":"https:\/\/amatistacuero.com\/?page_id=12"},"modified":"2024-05-31T23:09:31","modified_gmt":"2024-05-31T23:09:31","slug":"reembolso_devoluciones","status":"publish","type":"page","link":"https:\/\/amatistacuero.com\/index.php\/reembolso_devoluciones\/","title":{"rendered":"Pol\u00edtica de devoluciones y reembolsos"},"content":{"rendered":"\r\n<div class=\"elementor-element elementor-element-70ab34ff elementor-widget elementor-widget-heading\" data-id=\"70ab34ff\" data-element_type=\"widget\" data-widget_type=\"heading.default\">\r\n<div class=\"elementor-widget-container\">\r\n<h2 class=\"elementor-heading-title elementor-size-default\">TERMINOS DE DEVOLUCI\u00d3N<\/h2>\r\n<\/div>\r\n<\/div>\r\n<div class=\"elementor-element elementor-element-3137e434 elementor-widget elementor-widget-text-editor\" data-id=\"3137e434\" data-element_type=\"widget\" data-widget_type=\"text-editor.default\">\r\n<div class=\"elementor-widget-container\">\r\n<p>El producto no debe presentar uso, no debe haber sido modificado y debe estar en perfectas condiciones, adem\u00e1s debe contener las etiquetas, accesorios y empaques originales. La solicitud de devoluci\u00f3n debe hacerse en un plazo m\u00e1ximo de 30 d\u00edas a partir de la fecha de entrega del producto.<\/p>\r\n<p><br \/>Devoluci\u00f3n del producto en tienda<br \/>En nuestras tiendas f\u00edsicas puedes realizar el cambio de manera inmediata, de acuerdo con el inventario disponible.<\/p>\r\n<p>Para compras en p\u00e1gina web<br \/>Llenar formulario de devoluci\u00f3n o cambio<br \/>Realizar env\u00edo a la tienda principal direcci\u00f3n CC Pereira Plaza Local 261 Ciudad Pereira<br \/>Tiempo de respuesta 3 dias. Tener en cuenta t\u00e9rminos y condiciones para cambio.<\/p>\r\n<p>Saldo a favor para una nueva compra<br \/>Entre 2 y 3 d\u00edas h\u00e1biles despu\u00e9s de recibir el producto en nuestro Centro de Distribuci\u00f3n. En tiendas f\u00edsicas: inmediato<br \/><br \/>Cambio por otro producto<br \/>En nuestras tiendas f\u00edsicas puedes realizar el cambio de manera inmediata, de acuerdo con el inventario disponible.<\/p>\r\n<p><br \/>Para hacer efectiva tu devoluci\u00f3n, ingresa al siguiente link y deja tus datos para tomar tu solicitud<br \/>S\u00cdGUENOS EN REDES<\/p>\r\n<\/div>\r\n<\/div>\r\n","protected":false},"excerpt":{"rendered":"<p>TERMINOS DE DEVOLUCI\u00d3N El producto no debe presentar uso, no debe haber sido modificado y debe estar en perfectas condiciones, [&hellip;]<\/p>\n","protected":false},"author":1,"featured_media":0,"parent":0,"menu_order":0,"comment_status":"closed","ping_status":"closed","template":"","meta":{"site-sidebar-layout":"default","site-content-layout":"","ast-site-content-layout":"default","site-content-style":"default","site-sidebar-style":"default","ast-global-header-display":"","ast-banner-title-visibility":"","ast-main-header-display":"","ast-hfb-above-header-display":"","ast-hfb-below-header-display":"","ast-hfb-mobile-header-display":"","site-post-title":"","ast-breadcrumbs-content":"","ast-featured-img":"","footer-sml-layout":"","theme-transparent-header-meta":"default","adv-header-id-meta":"","stick-header-meta":"","header-above-stick-meta":"","header-main-stick-meta":"","header-below-stick-meta":"","astra-migrate-meta-layouts":"set","ast-page-background-enabled":"default","ast-page-background-meta":{"desktop":{"background-color":"var(--ast-global-color-4)","background-image":"","background-repeat":"repeat","background-position":"center center","background-size":"auto","background-attachment":"scroll","background-type":"","background-media":"","overlay-type":"","overlay-color":"","overlay-opacity":"","overlay-gradient":""},"tablet":{"background-color":"","background-image":"","background-repeat":"repeat","background-position":"center center","background-size":"auto","background-attachment":"scroll","background-type":"","background-media":"","overlay-type":"","overlay-color":"","overlay-opacity":"","overlay-gradient":""},"mobile":{"background-color":"","background-image":"","background-repeat":"repeat","background-position":"center center","background-size":"auto","background-attachment":"scroll","background-type":"","background-media":"","overlay-type":"","overlay-color":"","overlay-opacity":"","overlay-gradient":""}},"ast-content-background-meta":{"desktop":{"background-color":"var(--ast-global-color-5)","background-image":"","background-repeat":"repeat","background-position":"center center","background-size":"auto","background-attachment":"scroll","background-type":"","background-media":"","overlay-type":"","overlay-color":"","overlay-opacity":"","overlay-gradient":""},"tablet":{"background-color":"var(--ast-global-color-5)","background-image":"","background-repeat":"repeat","background-position":"center center","background-size":"auto","background-attachment":"scroll","background-type":"","background-media":"","overlay-type":"","overlay-color":"","overlay-opacity":"","overlay-gradient":""},"mobile":{"background-color":"var(--ast-global-color-5)","background-image":"","background-repeat":"repeat","background-position":"center center","background-size":"auto","background-attachment":"scroll","background-type":"","background-media":"","overlay-type":"","overlay-color":"","overlay-opacity":"","overlay-gradient":""}},"_joinchat":[],"footnotes":""},"class_list":["post-12","page","type-page","status-publish","hentry"],"_links":{"self":[{"href":"https:\/\/amatistacuero.com\/index.php\/wp-json\/wp\/v2\/pages\/12","targetHints":{"allow":["GET"]}}],"collection":[{"href":"https:\/\/amatistacuero.com\/index.php\/wp-json\/wp\/v2\/pages"}],"about":[{"href":"https:\/\/amatistacuero.com\/index.php\/wp-json\/wp\/v2\/types\/page"}],"author":[{"embeddable":true,"href":"https:\/\/amatistacuero.com\/index.php\/wp-json\/wp\/v2\/users\/1"}],"replies":[{"embeddable":true,"href":"https:\/\/amatistacuero.com\/index.php\/wp-json\/wp\/v2\/comments?post=12"}],"version-history":[{"count":1,"href":"https:\/\/amatistacuero.com\/index.php\/wp-json\/wp\/v2\/pages\/12\/revisions"}],"predecessor-version":[{"id":314,"href":"https:\/\/amatistacuero.com\/index.php\/wp-json\/wp\/v2\/pages\/12\/revisions\/314"}],"wp:attachment":[{"href":"https:\/\/amatistacuero.com\/index.php\/wp-json\/wp\/v2\/media?parent=12"}],"curies":[{"name":"wp","href":"https:\/\/api.w.org\/{rel}","templated":true}]}}